{"id":124,"date":"2021-12-15T22:16:15","date_gmt":"2021-12-15T21:16:15","guid":{"rendered":"https:\/\/boutique.theresesanchez.org\/?page_id=124"},"modified":"2021-12-15T22:21:18","modified_gmt":"2021-12-15T21:21:18","slug":"page-accueil-2","status":"publish","type":"page","link":"https:\/\/boutique.theresesanchez.org\/","title":{"rendered":"Page accueil 2"},"content":{"rendered":"\t\t<div data-elementor-type=\"wp-page\" data-elementor-id=\"124\" class=\"elementor elementor-124\" data-elementor-post-type=\"page\">\n\t\t\t\t\t\t<section class=\"elementor-section elementor-top-section elementor-element elementor-element-4a24b36b elementor-section-boxed elementor-section-height-default elementor-section-height-default\" data-id=\"4a24b36b\" data-element_type=\"section\" data-e-type=\"section\">\n\t\t\t\t\t\t<div class=\"elementor-container elementor-column-gap-default\">\n\t\t\t\t\t<div class=\"elementor-column elementor-col-100 elementor-top-column elementor-element elementor-element-5950b2e2\" data-id=\"5950b2e2\" data-element_type=\"column\" data-e-type=\"column\">\n\t\t\t<div class=\"elementor-widget-wrap elementor-element-populated\">\n\t\t\t\t\t\t<div class=\"elementor-element elementor-element-c9a99c5 elementor-grid-3 elementor-product-loop-item--align-center elementor-grid-tablet-3 elementor-grid-mobile-2 elementor-products-grid elementor-wc-products elementor-widget elementor-widget-woocommerce-products\" data-id=\"c9a99c5\" data-element_type=\"widget\" data-e-type=\"widget\" data-widget_type=\"woocommerce-products.default\">\n\t\t\t\t<div class=\"elementor-widget-container\">\n\t\t\t\t\t<div class=\"woocommerce columns-3 \"><ul class=\"products elementor-grid columns-3\">\n<li class=\"product type-product post-16 status-publish first onbackorder product_cat-maison product_tag-sac-tissu product_tag-sachet has-post-thumbnail shipping-taxable purchasable product-type-simple\">\n\t<a href=\"https:\/\/boutique.theresesanchez.org\/?product=sac-tissu-nivala\" class=\"woocommerce-LoopProduct-link woocommerce-loop-product__link\"><img fetchpriority=\"high\" decoding=\"async\" width=\"300\" height=\"300\" src=\"https:\/\/i0.wp.com\/boutique.theresesanchez.org\/wp-content\/uploads\/2021\/12\/20211214_123317-scaled.jpg?resize=300%2C300&amp;ssl=1\" class=\"attachment-woocommerce_thumbnail size-woocommerce_thumbnail\" alt=\"Sac Tissu &quot;Nivala&quot;\" srcset=\"https:\/\/i0.wp.com\/boutique.theresesanchez.org\/wp-content\/uploads\/2021\/12\/20211214_123317-scaled.jpg?resize=150%2C150&amp;ssl=1 150w, https:\/\/i0.wp.com\/boutique.theresesanchez.org\/wp-content\/uploads\/2021\/12\/20211214_123317-scaled.jpg?resize=300%2C300&amp;ssl=1 300w, https:\/\/i0.wp.com\/boutique.theresesanchez.org\/wp-content\/uploads\/2021\/12\/20211214_123317-scaled.jpg?resize=100%2C100&amp;ssl=1 100w, https:\/\/i0.wp.com\/boutique.theresesanchez.org\/wp-content\/uploads\/2021\/12\/20211214_123317-scaled.jpg?zoom=2&amp;resize=300%2C300&amp;ssl=1 600w, https:\/\/i0.wp.com\/boutique.theresesanchez.org\/wp-content\/uploads\/2021\/12\/20211214_123317-scaled.jpg?zoom=3&amp;resize=300%2C300&amp;ssl=1 900w\" sizes=\"(max-width: 300px) 100vw, 300px\" \/><h2 class=\"woocommerce-loop-product__title\">Sac Tissu \u00ab\u00a0Nivala\u00a0\u00bb<\/h2>\n\t<span class=\"price\"><span class=\"woocommerce-Price-amount amount\"><bdi>12,00&nbsp;<span class=\"woocommerce-Price-currencySymbol\">&euro;<\/span><\/bdi><\/span><\/span>\n<\/a><a href=\"\/index.php?rest_route=%2Fwp%2Fv2%2Fpages%2F124&#038;add-to-cart=16\" aria-describedby=\"woocommerce_loop_add_to_cart_link_describedby_16\" data-quantity=\"1\" class=\"button product_type_simple add_to_cart_button ajax_add_to_cart\" data-product_id=\"16\" data-product_sku=\"\" aria-label=\"Ajouter au panier\u00a0: &ldquo;Sac Tissu &quot;Nivala&quot;&rdquo;\" rel=\"nofollow\" data-success_message=\"\u00ab\u00a0Sac Tissu &quot;Nivala&quot;\u00a0\u00bb a \u00e9t\u00e9 ajout\u00e9 \u00e0 votre panier\" role=\"button\">Ajouter au panier<\/a>\t<span id=\"woocommerce_loop_add_to_cart_link_describedby_16\" class=\"screen-reader-text\">\n\t\t\t<\/span>\n<\/li>\n<li class=\"product type-product post-14 status-publish instock product_cat-maison product_tag-cafe product_tag-mug product_tag-tasse product_tag-the has-post-thumbnail shipping-taxable purchasable product-type-simple\">\n\t<a href=\"https:\/\/boutique.theresesanchez.org\/?product=mug-verre-transparent\" class=\"woocommerce-LoopProduct-link woocommerce-loop-product__link\"><img decoding=\"async\" width=\"300\" height=\"300\" src=\"https:\/\/i0.wp.com\/boutique.theresesanchez.org\/wp-content\/uploads\/2021\/12\/20211214_122957.jpg?resize=300%2C300&amp;ssl=1\" class=\"attachment-woocommerce_thumbnail size-woocommerce_thumbnail\" alt=\"Mug - Verre transparent\" srcset=\"https:\/\/i0.wp.com\/boutique.theresesanchez.org\/wp-content\/uploads\/2021\/12\/20211214_122957.jpg?resize=150%2C150&amp;ssl=1 150w, https:\/\/i0.wp.com\/boutique.theresesanchez.org\/wp-content\/uploads\/2021\/12\/20211214_122957.jpg?resize=300%2C300&amp;ssl=1 300w, https:\/\/i0.wp.com\/boutique.theresesanchez.org\/wp-content\/uploads\/2021\/12\/20211214_122957.jpg?resize=100%2C100&amp;ssl=1 100w, https:\/\/i0.wp.com\/boutique.theresesanchez.org\/wp-content\/uploads\/2021\/12\/20211214_122957.jpg?zoom=2&amp;resize=300%2C300&amp;ssl=1 600w, https:\/\/i0.wp.com\/boutique.theresesanchez.org\/wp-content\/uploads\/2021\/12\/20211214_122957.jpg?zoom=3&amp;resize=300%2C300&amp;ssl=1 900w\" sizes=\"(max-width: 300px) 100vw, 300px\" \/><h2 class=\"woocommerce-loop-product__title\">Mug &#8211; Verre transparent<\/h2>\n\t<span class=\"price\"><span class=\"woocommerce-Price-amount amount\"><bdi>5,90&nbsp;<span class=\"woocommerce-Price-currencySymbol\">&euro;<\/span><\/bdi><\/span><\/span>\n<\/a><a href=\"\/index.php?rest_route=%2Fwp%2Fv2%2Fpages%2F124&#038;add-to-cart=14\" aria-describedby=\"woocommerce_loop_add_to_cart_link_describedby_14\" data-quantity=\"1\" class=\"button product_type_simple add_to_cart_button ajax_add_to_cart\" data-product_id=\"14\" data-product_sku=\"\" aria-label=\"Ajouter au panier\u00a0: &ldquo;Mug - Verre transparent&rdquo;\" rel=\"nofollow\" data-success_message=\"\u00ab\u00a0Mug - Verre transparent\u00a0\u00bb a \u00e9t\u00e9 ajout\u00e9 \u00e0 votre panier\" role=\"button\">Ajouter au panier<\/a>\t<span id=\"woocommerce_loop_add_to_cart_link_describedby_14\" class=\"screen-reader-text\">\n\t\t\t<\/span>\n<\/li>\n<li class=\"product type-product post-94 status-publish last instock product_cat-dons product_tag-donnez-contre-le-cancer-du-pancreas product_tag-dons has-post-thumbnail virtual purchasable product-type-simple\">\n\t<a href=\"https:\/\/boutique.theresesanchez.org\/?product=je-donne-50e\" class=\"woocommerce-LoopProduct-link woocommerce-loop-product__link\"><img decoding=\"async\" width=\"300\" height=\"300\" src=\"https:\/\/i0.wp.com\/boutique.theresesanchez.org\/wp-content\/uploads\/2021\/12\/Taille-originale-IMPRESSION-LOGO-95-x-95-cm2-scaled.jpg?resize=300%2C300&amp;ssl=1\" class=\"attachment-woocommerce_thumbnail size-woocommerce_thumbnail\" alt=\"Je donne 50\u20ac\" srcset=\"https:\/\/i0.wp.com\/boutique.theresesanchez.org\/wp-content\/uploads\/2021\/12\/Taille-originale-IMPRESSION-LOGO-95-x-95-cm2-scaled.jpg?w=2560&amp;ssl=1 2560w, https:\/\/i0.wp.com\/boutique.theresesanchez.org\/wp-content\/uploads\/2021\/12\/Taille-originale-IMPRESSION-LOGO-95-x-95-cm2-scaled.jpg?resize=300%2C300&amp;ssl=1 300w, https:\/\/i0.wp.com\/boutique.theresesanchez.org\/wp-content\/uploads\/2021\/12\/Taille-originale-IMPRESSION-LOGO-95-x-95-cm2-scaled.jpg?resize=1024%2C1024&amp;ssl=1 1024w, https:\/\/i0.wp.com\/boutique.theresesanchez.org\/wp-content\/uploads\/2021\/12\/Taille-originale-IMPRESSION-LOGO-95-x-95-cm2-scaled.jpg?resize=150%2C150&amp;ssl=1 150w, https:\/\/i0.wp.com\/boutique.theresesanchez.org\/wp-content\/uploads\/2021\/12\/Taille-originale-IMPRESSION-LOGO-95-x-95-cm2-scaled.jpg?resize=768%2C768&amp;ssl=1 768w, https:\/\/i0.wp.com\/boutique.theresesanchez.org\/wp-content\/uploads\/2021\/12\/Taille-originale-IMPRESSION-LOGO-95-x-95-cm2-scaled.jpg?resize=1536%2C1536&amp;ssl=1 1536w, https:\/\/i0.wp.com\/boutique.theresesanchez.org\/wp-content\/uploads\/2021\/12\/Taille-originale-IMPRESSION-LOGO-95-x-95-cm2-scaled.jpg?resize=2048%2C2048&amp;ssl=1 2048w, https:\/\/i0.wp.com\/boutique.theresesanchez.org\/wp-content\/uploads\/2021\/12\/Taille-originale-IMPRESSION-LOGO-95-x-95-cm2-scaled.jpg?resize=1320%2C1320&amp;ssl=1 1320w, https:\/\/i0.wp.com\/boutique.theresesanchez.org\/wp-content\/uploads\/2021\/12\/Taille-originale-IMPRESSION-LOGO-95-x-95-cm2-scaled.jpg?resize=600%2C600&amp;ssl=1 600w, https:\/\/i0.wp.com\/boutique.theresesanchez.org\/wp-content\/uploads\/2021\/12\/Taille-originale-IMPRESSION-LOGO-95-x-95-cm2-scaled.jpg?resize=100%2C100&amp;ssl=1 100w, https:\/\/i0.wp.com\/boutique.theresesanchez.org\/wp-content\/uploads\/2021\/12\/Taille-originale-IMPRESSION-LOGO-95-x-95-cm2-scaled.jpg?w=1600&amp;ssl=1 1600w, https:\/\/i0.wp.com\/boutique.theresesanchez.org\/wp-content\/uploads\/2021\/12\/Taille-originale-IMPRESSION-LOGO-95-x-95-cm2-scaled.jpg?w=2400&amp;ssl=1 2400w\" sizes=\"(max-width: 300px) 100vw, 300px\" \/><h2 class=\"woocommerce-loop-product__title\">Je donne 50\u20ac<\/h2>\n\t<span class=\"price\"><span class=\"woocommerce-Price-amount amount\"><bdi>50,00&nbsp;<span class=\"woocommerce-Price-currencySymbol\">&euro;<\/span><\/bdi><\/span><\/span>\n<\/a><a href=\"\/index.php?rest_route=%2Fwp%2Fv2%2Fpages%2F124&#038;add-to-cart=94\" aria-describedby=\"woocommerce_loop_add_to_cart_link_describedby_94\" data-quantity=\"1\" class=\"button product_type_simple add_to_cart_button ajax_add_to_cart\" data-product_id=\"94\" data-product_sku=\"\" aria-label=\"Ajouter au panier\u00a0: &ldquo;Je donne 50\u20ac&rdquo;\" rel=\"nofollow\" data-success_message=\"\u00ab\u00a0Je donne 50\u20ac\u00a0\u00bb a \u00e9t\u00e9 ajout\u00e9 \u00e0 votre panier\" role=\"button\">Ajouter au panier<\/a>\t<span id=\"woocommerce_loop_add_to_cart_link_describedby_94\" class=\"screen-reader-text\">\n\t\t\t<\/span>\n<\/li>\n<li class=\"product type-product post-93 status-publish first instock product_cat-dons product_tag-donnez-contre-le-cancer-du-pancreas product_tag-dons has-post-thumbnail virtual purchasable product-type-simple\">\n\t<a href=\"https:\/\/boutique.theresesanchez.org\/?product=je-donne-20e\" class=\"woocommerce-LoopProduct-link woocommerce-loop-product__link\"><img loading=\"lazy\" decoding=\"async\" width=\"300\" height=\"300\" src=\"https:\/\/i0.wp.com\/boutique.theresesanchez.org\/wp-content\/uploads\/2021\/12\/Taille-originale-IMPRESSION-LOGO-95-x-95-cm1-scaled.jpg?resize=300%2C300&amp;ssl=1\" class=\"attachment-woocommerce_thumbnail size-woocommerce_thumbnail\" alt=\"Je donne 20\u20ac\" srcset=\"https:\/\/i0.wp.com\/boutique.theresesanchez.org\/wp-content\/uploads\/2021\/12\/Taille-originale-IMPRESSION-LOGO-95-x-95-cm1-scaled.jpg?w=2560&amp;ssl=1 2560w, https:\/\/i0.wp.com\/boutique.theresesanchez.org\/wp-content\/uploads\/2021\/12\/Taille-originale-IMPRESSION-LOGO-95-x-95-cm1-scaled.jpg?resize=300%2C300&amp;ssl=1 300w, https:\/\/i0.wp.com\/boutique.theresesanchez.org\/wp-content\/uploads\/2021\/12\/Taille-originale-IMPRESSION-LOGO-95-x-95-cm1-scaled.jpg?resize=1024%2C1024&amp;ssl=1 1024w, https:\/\/i0.wp.com\/boutique.theresesanchez.org\/wp-content\/uploads\/2021\/12\/Taille-originale-IMPRESSION-LOGO-95-x-95-cm1-scaled.jpg?resize=150%2C150&amp;ssl=1 150w, https:\/\/i0.wp.com\/boutique.theresesanchez.org\/wp-content\/uploads\/2021\/12\/Taille-originale-IMPRESSION-LOGO-95-x-95-cm1-scaled.jpg?resize=768%2C768&amp;ssl=1 768w, https:\/\/i0.wp.com\/boutique.theresesanchez.org\/wp-content\/uploads\/2021\/12\/Taille-originale-IMPRESSION-LOGO-95-x-95-cm1-scaled.jpg?resize=1536%2C1536&amp;ssl=1 1536w, https:\/\/i0.wp.com\/boutique.theresesanchez.org\/wp-content\/uploads\/2021\/12\/Taille-originale-IMPRESSION-LOGO-95-x-95-cm1-scaled.jpg?resize=2048%2C2048&amp;ssl=1 2048w, https:\/\/i0.wp.com\/boutique.theresesanchez.org\/wp-content\/uploads\/2021\/12\/Taille-originale-IMPRESSION-LOGO-95-x-95-cm1-scaled.jpg?resize=1320%2C1320&amp;ssl=1 1320w, https:\/\/i0.wp.com\/boutique.theresesanchez.org\/wp-content\/uploads\/2021\/12\/Taille-originale-IMPRESSION-LOGO-95-x-95-cm1-scaled.jpg?resize=600%2C600&amp;ssl=1 600w, https:\/\/i0.wp.com\/boutique.theresesanchez.org\/wp-content\/uploads\/2021\/12\/Taille-originale-IMPRESSION-LOGO-95-x-95-cm1-scaled.jpg?resize=100%2C100&amp;ssl=1 100w, https:\/\/i0.wp.com\/boutique.theresesanchez.org\/wp-content\/uploads\/2021\/12\/Taille-originale-IMPRESSION-LOGO-95-x-95-cm1-scaled.jpg?w=1600&amp;ssl=1 1600w, https:\/\/i0.wp.com\/boutique.theresesanchez.org\/wp-content\/uploads\/2021\/12\/Taille-originale-IMPRESSION-LOGO-95-x-95-cm1-scaled.jpg?w=2400&amp;ssl=1 2400w\" sizes=\"(max-width: 300px) 100vw, 300px\" \/><h2 class=\"woocommerce-loop-product__title\">Je donne 20\u20ac<\/h2>\n\t<span class=\"price\"><span class=\"woocommerce-Price-amount amount\"><bdi>20,00&nbsp;<span class=\"woocommerce-Price-currencySymbol\">&euro;<\/span><\/bdi><\/span><\/span>\n<\/a><a href=\"\/index.php?rest_route=%2Fwp%2Fv2%2Fpages%2F124&#038;add-to-cart=93\" aria-describedby=\"woocommerce_loop_add_to_cart_link_describedby_93\" data-quantity=\"1\" class=\"button product_type_simple add_to_cart_button ajax_add_to_cart\" data-product_id=\"93\" data-product_sku=\"\" aria-label=\"Ajouter au panier\u00a0: &ldquo;Je donne 20\u20ac&rdquo;\" rel=\"nofollow\" data-success_message=\"\u00ab\u00a0Je donne 20\u20ac\u00a0\u00bb a \u00e9t\u00e9 ajout\u00e9 \u00e0 votre panier\" role=\"button\">Ajouter au panier<\/a>\t<span id=\"woocommerce_loop_add_to_cart_link_describedby_93\" class=\"screen-reader-text\">\n\t\t\t<\/span>\n<\/li>\n<li class=\"product type-product post-89 status-publish instock product_cat-dons product_tag-donnez-contre-le-cancer-du-pancreas product_tag-dons has-post-thumbnail virtual purchasable product-type-simple\">\n\t<a href=\"https:\/\/boutique.theresesanchez.org\/?product=89\" class=\"woocommerce-LoopProduct-link woocommerce-loop-product__link\"><img loading=\"lazy\" decoding=\"async\" width=\"300\" height=\"300\" src=\"https:\/\/i0.wp.com\/boutique.theresesanchez.org\/wp-content\/uploads\/2021\/12\/Taille-originale-IMPRESSION-LOGO-95-x-95-cm-scaled.jpg?resize=300%2C300&amp;ssl=1\" class=\"attachment-woocommerce_thumbnail size-woocommerce_thumbnail\" alt=\"Je donne 10\u20ac\" srcset=\"https:\/\/i0.wp.com\/boutique.theresesanchez.org\/wp-content\/uploads\/2021\/12\/Taille-originale-IMPRESSION-LOGO-95-x-95-cm-scaled.jpg?w=2560&amp;ssl=1 2560w, https:\/\/i0.wp.com\/boutique.theresesanchez.org\/wp-content\/uploads\/2021\/12\/Taille-originale-IMPRESSION-LOGO-95-x-95-cm-scaled.jpg?resize=300%2C300&amp;ssl=1 300w, https:\/\/i0.wp.com\/boutique.theresesanchez.org\/wp-content\/uploads\/2021\/12\/Taille-originale-IMPRESSION-LOGO-95-x-95-cm-scaled.jpg?resize=1024%2C1024&amp;ssl=1 1024w, https:\/\/i0.wp.com\/boutique.theresesanchez.org\/wp-content\/uploads\/2021\/12\/Taille-originale-IMPRESSION-LOGO-95-x-95-cm-scaled.jpg?resize=150%2C150&amp;ssl=1 150w, https:\/\/i0.wp.com\/boutique.theresesanchez.org\/wp-content\/uploads\/2021\/12\/Taille-originale-IMPRESSION-LOGO-95-x-95-cm-scaled.jpg?resize=768%2C768&amp;ssl=1 768w, https:\/\/i0.wp.com\/boutique.theresesanchez.org\/wp-content\/uploads\/2021\/12\/Taille-originale-IMPRESSION-LOGO-95-x-95-cm-scaled.jpg?resize=1536%2C1536&amp;ssl=1 1536w, https:\/\/i0.wp.com\/boutique.theresesanchez.org\/wp-content\/uploads\/2021\/12\/Taille-originale-IMPRESSION-LOGO-95-x-95-cm-scaled.jpg?resize=2048%2C2048&amp;ssl=1 2048w, https:\/\/i0.wp.com\/boutique.theresesanchez.org\/wp-content\/uploads\/2021\/12\/Taille-originale-IMPRESSION-LOGO-95-x-95-cm-scaled.jpg?resize=1320%2C1320&amp;ssl=1 1320w, https:\/\/i0.wp.com\/boutique.theresesanchez.org\/wp-content\/uploads\/2021\/12\/Taille-originale-IMPRESSION-LOGO-95-x-95-cm-scaled.jpg?resize=600%2C600&amp;ssl=1 600w, https:\/\/i0.wp.com\/boutique.theresesanchez.org\/wp-content\/uploads\/2021\/12\/Taille-originale-IMPRESSION-LOGO-95-x-95-cm-scaled.jpg?resize=100%2C100&amp;ssl=1 100w, https:\/\/i0.wp.com\/boutique.theresesanchez.org\/wp-content\/uploads\/2021\/12\/Taille-originale-IMPRESSION-LOGO-95-x-95-cm-scaled.jpg?w=1600&amp;ssl=1 1600w, https:\/\/i0.wp.com\/boutique.theresesanchez.org\/wp-content\/uploads\/2021\/12\/Taille-originale-IMPRESSION-LOGO-95-x-95-cm-scaled.jpg?w=2400&amp;ssl=1 2400w\" sizes=\"(max-width: 300px) 100vw, 300px\" \/><h2 class=\"woocommerce-loop-product__title\">Je donne 10\u20ac<\/h2>\n\t<span class=\"price\"><span class=\"woocommerce-Price-amount amount\"><bdi>10,00&nbsp;<span class=\"woocommerce-Price-currencySymbol\">&euro;<\/span><\/bdi><\/span><\/span>\n<\/a><a href=\"\/index.php?rest_route=%2Fwp%2Fv2%2Fpages%2F124&#038;add-to-cart=89\" aria-describedby=\"woocommerce_loop_add_to_cart_link_describedby_89\" data-quantity=\"1\" class=\"button product_type_simple add_to_cart_button ajax_add_to_cart\" data-product_id=\"89\" data-product_sku=\"\" aria-label=\"Ajouter au panier\u00a0: &ldquo;Je donne 10\u20ac&rdquo;\" rel=\"nofollow\" data-success_message=\"\u00ab\u00a0Je donne 10\u20ac\u00a0\u00bb a \u00e9t\u00e9 ajout\u00e9 \u00e0 votre panier\" role=\"button\">Ajouter au panier<\/a>\t<span id=\"woocommerce_loop_add_to_cart_link_describedby_89\" class=\"screen-reader-text\">\n\t\t\t<\/span>\n<\/li>\n<\/ul>\n<\/div>\t\t\t\t<\/div>\n\t\t\t\t<\/div>\n\t\t\t\t\t<\/div>\n\t\t<\/div>\n\t\t\t\t\t<\/div>\n\t\t<\/section>\n\t\t\t\t<section class=\"elementor-section elementor-top-section elementor-element elementor-element-3eb40073 elementor-section-boxed elementor-section-height-default elementor-section-height-default\" data-id=\"3eb40073\" data-element_type=\"section\" data-e-type=\"section\">\n\t\t\t\t\t\t<div class=\"elementor-container elementor-column-gap-default\">\n\t\t\t\t\t<div class=\"elementor-column elementor-col-100 elementor-top-column elementor-element elementor-element-517ebbc7\" data-id=\"517ebbc7\" data-element_type=\"column\" data-e-type=\"column\">\n\t\t\t<div class=\"elementor-widget-wrap elementor-element-populated\">\n\t\t\t\t\t\t<div class=\"elementor-element elementor-element-7ec3f4a elementor-widget elementor-widget-image\" data-id=\"7ec3f4a\" data-element_type=\"widget\" data-e-type=\"widget\" data-widget_type=\"image.default\">\n\t\t\t\t<div class=\"elementor-widget-container\">\n\t\t\t\t\t\t\t\t\t\t\t\t\t\t\t\t<a href=\"https:\/\/theresesanchez.org\">\n\t\t\t\t\t\t\t<img loading=\"lazy\" decoding=\"async\" width=\"800\" height=\"206\" src=\"https:\/\/i0.wp.com\/boutique.theresesanchez.org\/wp-content\/uploads\/2021\/12\/BANDEAU-WEB-scaled.webp?fit=800%2C206&amp;ssl=1\" class=\"attachment-large size-large wp-image-75\" alt=\"\" srcset=\"https:\/\/i0.wp.com\/boutique.theresesanchez.org\/wp-content\/uploads\/2021\/12\/BANDEAU-WEB-scaled.webp?w=2560&amp;ssl=1 2560w, https:\/\/i0.wp.com\/boutique.theresesanchez.org\/wp-content\/uploads\/2021\/12\/BANDEAU-WEB-scaled.webp?resize=600%2C154&amp;ssl=1 600w, https:\/\/i0.wp.com\/boutique.theresesanchez.org\/wp-content\/uploads\/2021\/12\/BANDEAU-WEB-scaled.webp?resize=300%2C77&amp;ssl=1 300w, https:\/\/i0.wp.com\/boutique.theresesanchez.org\/wp-content\/uploads\/2021\/12\/BANDEAU-WEB-scaled.webp?resize=1024%2C264&amp;ssl=1 1024w, https:\/\/i0.wp.com\/boutique.theresesanchez.org\/wp-content\/uploads\/2021\/12\/BANDEAU-WEB-scaled.webp?resize=768%2C198&amp;ssl=1 768w, https:\/\/i0.wp.com\/boutique.theresesanchez.org\/wp-content\/uploads\/2021\/12\/BANDEAU-WEB-scaled.webp?resize=1536%2C395&amp;ssl=1 1536w, https:\/\/i0.wp.com\/boutique.theresesanchez.org\/wp-content\/uploads\/2021\/12\/BANDEAU-WEB-scaled.webp?resize=2048%2C527&amp;ssl=1 2048w, https:\/\/i0.wp.com\/boutique.theresesanchez.org\/wp-content\/uploads\/2021\/12\/BANDEAU-WEB-scaled.webp?resize=1320%2C340&amp;ssl=1 1320w, https:\/\/i0.wp.com\/boutique.theresesanchez.org\/wp-content\/uploads\/2021\/12\/BANDEAU-WEB-scaled.webp?w=1600&amp;ssl=1 1600w, https:\/\/i0.wp.com\/boutique.theresesanchez.org\/wp-content\/uploads\/2021\/12\/BANDEAU-WEB-scaled.webp?w=2400&amp;ssl=1 2400w\" sizes=\"(max-width: 800px) 100vw, 800px\" \/>\t\t\t\t\t\t\t\t<\/a>\n\t\t\t\t\t\t\t\t\t\t\t\t\t\t\t<\/div>\n\t\t\t\t<\/div>\n\t\t\t\t\t<\/div>\n\t\t<\/div>\n\t\t\t\t\t<\/div>\n\t\t<\/section>\n\t\t\t\t<\/div>\n\t\t","protected":false},"excerpt":{"rendered":"","protected":false},"author":1,"featured_media":0,"parent":0,"menu_order":0,"comment_status":"closed","ping_status":"closed","template":"","meta":{"footnotes":""},"class_list":["post-124","page","type-page","status-publish","hentry"],"jetpack_sharing_enabled":true,"_links":{"self":[{"href":"https:\/\/boutique.theresesanchez.org\/index.php?rest_route=\/wp\/v2\/pages\/124","targetHints":{"allow":["GET"]}}],"collection":[{"href":"https:\/\/boutique.theresesanchez.org\/index.php?rest_route=\/wp\/v2\/pages"}],"about":[{"href":"https:\/\/boutique.theresesanchez.org\/index.php?rest_route=\/wp\/v2\/types\/page"}],"author":[{"embeddable":true,"href":"https:\/\/boutique.theresesanchez.org\/index.php?rest_route=\/wp\/v2\/users\/1"}],"replies":[{"embeddable":true,"href":"https:\/\/boutique.theresesanchez.org\/index.php?rest_route=%2Fwp%2Fv2%2Fcomments&post=124"}],"version-history":[{"count":4,"href":"https:\/\/boutique.theresesanchez.org\/index.php?rest_route=\/wp\/v2\/pages\/124\/revisions"}],"predecessor-version":[{"id":129,"href":"https:\/\/boutique.theresesanchez.org\/index.php?rest_route=\/wp\/v2\/pages\/124\/revisions\/129"}],"wp:attachment":[{"href":"https:\/\/boutique.theresesanchez.org\/index.php?rest_route=%2Fwp%2Fv2%2Fmedia&parent=124"}],"curies":[{"name":"wp","href":"https:\/\/api.w.org\/{rel}","templated":true}]}}