{"id":14,"date":"2021-12-06T15:42:32","date_gmt":"2021-12-06T14:42:32","guid":{"rendered":"https:\/\/boutique.theresesanchez.org\/?post_type=product&#038;p=14"},"modified":"2026-04-26T10:29:03","modified_gmt":"2026-04-26T08:29:03","slug":"mug-verre-transparent","status":"publish","type":"product","link":"https:\/\/boutique.theresesanchez.org\/?product=mug-verre-transparent","title":{"rendered":"Mug &#8211; Verre transparent"},"content":{"rendered":"<p>Volume : 300ml<\/p>\n<p>Mat\u00e9riau : Verre transparent<\/p>\n<p>Impression r\u00e9sistante au lave-vaisselle (*100 lavages)<\/p>\n<p>&nbsp;<\/p>\n","protected":false},"excerpt":{"rendered":"<p>Commandez le mug en verre transparent \u00e0 l&rsquo;\u00e9figie du Fond de dotation TSN &amp; soutenez la lutte contre le cancer du Pancr\u00e9as.<\/p>\n<p>Contenance 300ml en verre transparent.<\/p>\n","protected":false},"featured_media":85,"comment_status":"open","ping_status":"closed","template":"","meta":[],"product_brand":[],"product_cat":[16],"product_tag":[27,25,26,28],"class_list":{"0":"post-14","1":"product","2":"type-product","3":"status-publish","4":"has-post-thumbnail","6":"product_cat-maison","7":"product_tag-cafe","8":"product_tag-mug","9":"product_tag-tasse","10":"product_tag-the","12":"first","13":"instock","14":"shipping-taxable","15":"purchasable","16":"product-type-simple"},"jetpack_sharing_enabled":true,"_links":{"self":[{"href":"https:\/\/boutique.theresesanchez.org\/index.php?rest_route=\/wp\/v2\/product\/14","targetHints":{"allow":["GET"]}}],"collection":[{"href":"https:\/\/boutique.theresesanchez.org\/index.php?rest_route=\/wp\/v2\/product"}],"about":[{"href":"https:\/\/boutique.theresesanchez.org\/index.php?rest_route=\/wp\/v2\/types\/product"}],"replies":[{"embeddable":true,"href":"https:\/\/boutique.theresesanchez.org\/index.php?rest_route=%2Fwp%2Fv2%2Fcomments&post=14"}],"wp:featuredmedia":[{"embeddable":true,"href":"https:\/\/boutique.theresesanchez.org\/index.php?rest_route=\/wp\/v2\/media\/85"}],"wp:attachment":[{"href":"https:\/\/boutique.theresesanchez.org\/index.php?rest_route=%2Fwp%2Fv2%2Fmedia&parent=14"}],"wp:term":[{"taxonomy":"product_brand","embeddable":true,"href":"https:\/\/boutique.theresesanchez.org\/index.php?rest_route=%2Fwp%2Fv2%2Fproduct_brand&post=14"},{"taxonomy":"product_cat","embeddable":true,"href":"https:\/\/boutique.theresesanchez.org\/index.php?rest_route=%2Fwp%2Fv2%2Fproduct_cat&post=14"},{"taxonomy":"product_tag","embeddable":true,"href":"https:\/\/boutique.theresesanchez.org\/index.php?rest_route=%2Fwp%2Fv2%2Fproduct_tag&post=14"}],"curies":[{"name":"wp","href":"https:\/\/api.w.org\/{rel}","templated":true}]}}