{"id":89,"date":"2021-12-15T21:37:15","date_gmt":"2021-12-15T20:37:15","guid":{"rendered":"https:\/\/boutique.theresesanchez.org\/?post_type=product&#038;p=89"},"modified":"2021-12-15T21:39:01","modified_gmt":"2021-12-15T20:39:01","slug":"89","status":"publish","type":"product","link":"https:\/\/boutique.theresesanchez.org\/?product=89","title":{"rendered":"Je donne 10\u20ac"},"content":{"rendered":"<p>Faites un don de 10 Euros au fonds de dotation TSN.<\/p>\n<p><strong>Informer, soutenir les patients et leurs proches &amp; aider la recherche contre le cancer du pancr\u00e9as.<\/strong><br \/>\n<em>Le fonds de dotation TSN est un projet d\u2019aide \u00e0 la lutte contre le cancer du Pancr\u00e9as et plus g\u00e9n\u00e9ralement contre toute forme de cancer dit de \u00ab\u00a0mauvais pronostic\u00a0\u00bb.<\/em><\/p>\n<p>(Les dons ouvrent droit \u00e0 une r\u00e9duction fiscale, contactez-nous pour obtenir le re\u00e7u fiscal correspondant)<\/p>\n","protected":false},"excerpt":{"rendered":"<p>Faites un don de 10 Euros au fonds de dotation TSN.<\/p>\n<p><strong>Informer, soutenir les patients et leurs proches &amp; aider la recherche contre le cancer du pancr\u00e9as.<\/strong><br \/>\n<em>Le fonds de dotation TSN est un projet d\u2019aide \u00e0 la lutte contre le cancer du Pancr\u00e9as et plus g\u00e9n\u00e9ralement contre toute forme de cancer dit de \u00ab\u00a0mauvais pronostic\u00a0\u00bb.<\/em><\/p>\n<p>(Les dons ouvrent droit \u00e0 une r\u00e9duction fiscale, contactez-nous pour obtenir le re\u00e7u fiscal correspondant)<\/p>\n","protected":false},"featured_media":90,"comment_status":"open","ping_status":"closed","template":"","meta":[],"product_brand":[],"product_cat":[29],"product_tag":[31,30],"class_list":{"0":"post-89","1":"product","2":"type-product","3":"status-publish","4":"has-post-thumbnail","6":"product_cat-dons","7":"product_tag-donnez-contre-le-cancer-du-pancreas","8":"product_tag-dons","10":"first","11":"instock","12":"virtual","13":"purchasable","14":"product-type-simple"},"jetpack_sharing_enabled":true,"_links":{"self":[{"href":"https:\/\/boutique.theresesanchez.org\/index.php?rest_route=\/wp\/v2\/product\/89","targetHints":{"allow":["GET"]}}],"collection":[{"href":"https:\/\/boutique.theresesanchez.org\/index.php?rest_route=\/wp\/v2\/product"}],"about":[{"href":"https:\/\/boutique.theresesanchez.org\/index.php?rest_route=\/wp\/v2\/types\/product"}],"replies":[{"embeddable":true,"href":"https:\/\/boutique.theresesanchez.org\/index.php?rest_route=%2Fwp%2Fv2%2Fcomments&post=89"}],"wp:featuredmedia":[{"embeddable":true,"href":"https:\/\/boutique.theresesanchez.org\/index.php?rest_route=\/wp\/v2\/media\/90"}],"wp:attachment":[{"href":"https:\/\/boutique.theresesanchez.org\/index.php?rest_route=%2Fwp%2Fv2%2Fmedia&parent=89"}],"wp:term":[{"taxonomy":"product_brand","embeddable":true,"href":"https:\/\/boutique.theresesanchez.org\/index.php?rest_route=%2Fwp%2Fv2%2Fproduct_brand&post=89"},{"taxonomy":"product_cat","embeddable":true,"href":"https:\/\/boutique.theresesanchez.org\/index.php?rest_route=%2Fwp%2Fv2%2Fproduct_cat&post=89"},{"taxonomy":"product_tag","embeddable":true,"href":"https:\/\/boutique.theresesanchez.org\/index.php?rest_route=%2Fwp%2Fv2%2Fproduct_tag&post=89"}],"curies":[{"name":"wp","href":"https:\/\/api.w.org\/{rel}","templated":true}]}}